{"id":8461,"date":"2016-10-13T09:35:46","date_gmt":"2016-10-13T07:35:46","guid":{"rendered":"http:\/\/demowp.cththemes.net\/diopter\/?page_id=531"},"modified":"2023-01-11T21:50:57","modified_gmt":"2023-01-11T21:50:57","slug":"about","status":"publish","type":"page","link":"https:\/\/jesconsultingab.se\/en\/about\/","title":{"rendered":"About Us"},"content":{"rendered":"<div data-elementor-type=\"wp-post\" data-elementor-id=\"8461\" class=\"elementor elementor-8461\">\n\t\t\t\t\t\t\t\t\t<section class=\"elementor-section elementor-top-section elementor-element elementor-element-347edc6 gray-bg small-padding has-hex has-hex2 elementor-hidden-desktop elementor-hidden-tablet elementor-hidden-mobile elementor-section-boxed elementor-section-height-default elementor-section-height-default\" data-id=\"347edc6\" data-element_type=\"section\" data-settings=\"{&quot;background_background&quot;:&quot;classic&quot;}\">\n\t\t\t\t\t\t\t<div class=\"elementor-background-overlay\"><\/div>\n\t\t\t\t\t\t\t<div class=\"elementor-container elementor-column-gap-default\">\n\t\t\t\t\t<div class=\"elementor-column elementor-col-33 elementor-top-column elementor-element elementor-element-4a3125c\" data-id=\"4a3125c\" data-element_type=\"column\">\n\t\t\t<div class=\"elementor-widget-wrap elementor-element-populated\">\n\t\t\t\t\t\t\t\t<div class=\"elementor-element elementor-element-5696e5c elementor-widget elementor-widget-feature_box\" data-id=\"5696e5c\" data-element_type=\"widget\" data-widget_type=\"feature_box.default\">\n\t\t\t\t<div class=\"elementor-widget-container\">\n\t\t\t  \n        <!--services-box --> \n        <div class=\"card-item sty1\">\n            <i class=\"fad fa-wind-turbine\"><\/i>            <span class=\"card-item_num\">01<\/span>\n            <h4 class=\"service-title\">Green Energy<\/h4>            <div class=\"card-desc\"><p>Lorem ipsum dolor sit amet, consectetur adipiscing elit.<\/p>\n<a href=\"https:\/\/theroof.cththemes.com\/contact\/\">Read more<\/a><\/div>\n            <div class=\"clearfix\"><\/div>\n        <\/div>\n        \n        <!-- services-box end  -->      \n        \t\t<\/div>\n\t\t\t\t<\/div>\n\t\t\t\t\t<\/div>\n\t\t<\/div>\n\t\t\t\t<div class=\"elementor-column elementor-col-33 elementor-top-column elementor-element elementor-element-00c9899\" data-id=\"00c9899\" data-element_type=\"column\">\n\t\t\t<div class=\"elementor-widget-wrap elementor-element-populated\">\n\t\t\t\t\t\t\t\t<div class=\"elementor-element elementor-element-b034eea elementor-widget elementor-widget-feature_box\" data-id=\"b034eea\" data-element_type=\"widget\" data-widget_type=\"feature_box.default\">\n\t\t\t\t<div class=\"elementor-widget-container\">\n\t\t\t  \n        <!--services-box --> \n        <div class=\"card-item sty1\">\n            <i class=\"fal fa-microchip\"><\/i>            <span class=\"card-item_num\">02<\/span>\n            <h4 class=\"service-title\">New Technology<\/h4>            <div class=\"card-desc\"><p>Lorem ipsum dolor sit amet, consectetur adipiscing elit.<\/p>\n<a href=\"https:\/\/theroof.cththemes.com\/contact\/\">Read more<\/a><\/div>\n            <div class=\"clearfix\"><\/div>\n        <\/div>\n        \n        <!-- services-box end  -->      \n        \t\t<\/div>\n\t\t\t\t<\/div>\n\t\t\t\t\t<\/div>\n\t\t<\/div>\n\t\t\t\t<div class=\"elementor-column elementor-col-33 elementor-top-column elementor-element elementor-element-4000a18\" data-id=\"4000a18\" data-element_type=\"column\">\n\t\t\t<div class=\"elementor-widget-wrap elementor-element-populated\">\n\t\t\t\t\t\t\t\t<div class=\"elementor-element elementor-element-7a114a7 elementor-widget elementor-widget-feature_box\" data-id=\"7a114a7\" data-element_type=\"widget\" data-widget_type=\"feature_box.default\">\n\t\t\t\t<div class=\"elementor-widget-container\">\n\t\t\t  \n        <!--services-box --> \n        <div class=\"card-item sty1\">\n            <i class=\"fal fa-tools\"><\/i>            <span class=\"card-item_num\">03<\/span>\n            <h4 class=\"service-title\">High Grade Tools<\/h4>            <div class=\"card-desc\"><p>Lorem ipsum dolor sit amet, consectetur adipiscing elit.<\/p>\n<a href=\"https:\/\/theroof.cththemes.com\/contact\/\">Read more<\/a><\/div>\n            <div class=\"clearfix\"><\/div>\n        <\/div>\n        \n        <!-- services-box end  -->      \n        \t\t<\/div>\n\t\t\t\t<\/div>\n\t\t\t\t\t<\/div>\n\t\t<\/div>\n\t\t\t\t\t\t\t<\/div>\n\t\t<\/section>\n\t\t\t\t<section class=\"elementor-section elementor-top-section elementor-element elementor-element-46cd3fc elementor-section-stretched sec-padding elementor-section-boxed elementor-section-height-default elementor-section-height-default\" data-id=\"46cd3fc\" data-element_type=\"section\" data-settings=\"{&quot;stretch_section&quot;:&quot;section-stretched&quot;,&quot;background_background&quot;:&quot;classic&quot;}\">\n\t\t\t\t\t\t<div class=\"elementor-container elementor-column-gap-wide\">\n\t\t\t\t\t<div class=\"elementor-column elementor-col-50 elementor-top-column elementor-element elementor-element-8141bba\" data-id=\"8141bba\" data-element_type=\"column\">\n\t\t\t<div class=\"elementor-widget-wrap elementor-element-populated\">\n\t\t\t\t\t\t\t\t<div class=\"elementor-element elementor-element-a26d9f7 elementor-invisible elementor-widget elementor-widget-section_title\" data-id=\"a26d9f7\" data-element_type=\"widget\" data-settings=\"{&quot;_animation&quot;:&quot;fadeInLeft&quot;}\" data-widget_type=\"section_title.default\">\n\t\t\t\t<div class=\"elementor-widget-container\">\n\t\t\t        <div class=\"section-title st-left st-st1\">\n        <h4 class=\"sec-subtitle\"><span>Our history<\/span><\/h4>            <h2 class=\"sec-title\"><span>Who we are<\/span><\/h2>                    <\/div>\n        \t\t<\/div>\n\t\t\t\t<\/div>\n\t\t\t\t<div class=\"elementor-element elementor-element-136e4e6 elementor-invisible elementor-widget elementor-widget-text-editor\" data-id=\"136e4e6\" data-element_type=\"widget\" data-settings=\"{&quot;_animation&quot;:&quot;fadeIn&quot;}\" data-widget_type=\"text-editor.default\">\n\t\t\t\t<div class=\"elementor-widget-container\">\n\t\t\t<style>\/*! elementor - v3.10.1 - 17-01-2023 *\/\n.elementor-widget-text-editor.elementor-drop-cap-view-stacked .elementor-drop-cap{background-color:#818a91;color:#fff}.elementor-widget-text-editor.elementor-drop-cap-view-framed .elementor-drop-cap{color:#818a91;border:3px solid;background-color:transparent}.elementor-widget-text-editor:not(.elementor-drop-cap-view-default) .elementor-drop-cap{margin-top:8px}.elementor-widget-text-editor:not(.elementor-drop-cap-view-default) .elementor-drop-cap-letter{width:1em;height:1em}.elementor-widget-text-editor .elementor-drop-cap{float:left;text-align:center;line-height:1;font-size:50px}.elementor-widget-text-editor .elementor-drop-cap-letter{display:inline-block}<\/style>\t\t\t\t<p>We are a company that offers consulting services within the machine manufacturing industry. Our vast experience makes us able to help you in many different aspects, within the industry. Everything from project management to construction and production.<\/p><p>We also conduct recruitment and leasing of labour and provides consultants within industrial technology.<\/p><p>We would like to put in an extra gear for you!<\/p>\t\t\t\t\t\t<\/div>\n\t\t\t\t<\/div>\n\t\t\t\t\t<\/div>\n\t\t<\/div>\n\t\t\t\t<div class=\"elementor-column elementor-col-50 elementor-top-column elementor-element elementor-element-d66790f\" data-id=\"d66790f\" data-element_type=\"column\">\n\t\t\t<div class=\"elementor-widget-wrap elementor-element-populated\">\n\t\t\t\t\t\t\t\t<div class=\"elementor-element elementor-element-fc8203b elementor-widget elementor-widget-image_quote\" data-id=\"fc8203b\" data-element_type=\"widget\" data-widget_type=\"image_quote.default\">\n\t\t\t\t<div class=\"elementor-widget-container\">\n\t\t\t        <div class=\"about-img abimg-sty1\" data-scrollax-parent=\"true\">\n            <img width=\"1280\" height=\"853\" src=\"https:\/\/jesconsultingab.se\/wp-content\/uploads\/2022\/12\/bildspel02.jpg\" class=\"respimg\" alt=\"\" decoding=\"async\" loading=\"lazy\" srcset=\"https:\/\/jesconsultingab.se\/wp-content\/uploads\/2022\/12\/bildspel02.jpg 1280w, https:\/\/jesconsultingab.se\/wp-content\/uploads\/2022\/12\/bildspel02-300x200.jpg 300w, https:\/\/jesconsultingab.se\/wp-content\/uploads\/2022\/12\/bildspel02-1024x682.jpg 1024w, https:\/\/jesconsultingab.se\/wp-content\/uploads\/2022\/12\/bildspel02-768x512.jpg 768w, https:\/\/jesconsultingab.se\/wp-content\/uploads\/2022\/12\/bildspel02-822x548.jpg 822w, https:\/\/jesconsultingab.se\/wp-content\/uploads\/2022\/12\/bildspel02-303x201.jpg 303w, https:\/\/jesconsultingab.se\/wp-content\/uploads\/2022\/12\/bildspel02-603x402.jpg 603w, https:\/\/jesconsultingab.se\/wp-content\/uploads\/2022\/12\/bildspel02-525x350.jpg 525w, https:\/\/jesconsultingab.se\/wp-content\/uploads\/2022\/12\/bildspel02-450x300.jpg 450w, https:\/\/jesconsultingab.se\/wp-content\/uploads\/2022\/12\/bildspel02-428x285.jpg 428w, https:\/\/jesconsultingab.se\/wp-content\/uploads\/2022\/12\/bildspel02-150x100.jpg 150w\" sizes=\"(max-width: 1280px) 100vw, 1280px\" \/>                        <div class=\"about-img-hotifer color-bg\">\n                <p>\"JES Consulting AB wants to be the one realizes your ideas.\"<\/p>\n<h5>Dzenan Atic<\/h5>\n<h6>VD<\/h6>            <\/div>\n                                        <div class=\"about-img-title\" data-scrollax=\"properties: { translateY: '100px' }\">JES CONSULTING<\/div>\n                        \n        <\/div>\n        \t\t<\/div>\n\t\t\t\t<\/div>\n\t\t\t\t\t<\/div>\n\t\t<\/div>\n\t\t\t\t\t\t\t<\/div>\n\t\t<\/section>\n\t\t\t\t<section class=\"elementor-section elementor-top-section elementor-element elementor-element-7936fbf darkbg_2 notifer-block elementor-section-content-middle elementor-section-boxed elementor-section-height-default elementor-section-height-default\" data-id=\"7936fbf\" data-element_type=\"section\">\n\t\t\t\t\t\t<div class=\"elementor-container elementor-column-gap-default\">\n\t\t\t\t\t<div class=\"elementor-column elementor-col-66 elementor-top-column elementor-element elementor-element-7578ede\" data-id=\"7578ede\" data-element_type=\"column\">\n\t\t\t<div class=\"elementor-widget-wrap elementor-element-populated\">\n\t\t\t\t\t\t\t\t<div class=\"elementor-element elementor-element-6c1452c elementor-widget elementor-widget-section_title\" data-id=\"6c1452c\" data-element_type=\"widget\" data-widget_type=\"section_title.default\">\n\t\t\t\t<div class=\"elementor-widget-container\">\n\t\t\t        <div class=\"section-title st-left st-st7\">\n                    <h2 class=\"sec-title\"><span>Beh\u00f6ver du en professionel samarbetspartner f\u00f6r att <br>f\u00f6rverkliga ditt n\u00e4sta dr\u00f6mprojekt?<\/span><\/h2>                    <\/div>\n        \t\t<\/div>\n\t\t\t\t<\/div>\n\t\t\t\t\t<\/div>\n\t\t<\/div>\n\t\t\t\t<div class=\"elementor-column elementor-col-33 elementor-top-column elementor-element elementor-element-a2a430f\" data-id=\"a2a430f\" data-element_type=\"column\">\n\t\t\t<div class=\"elementor-widget-wrap elementor-element-populated\">\n\t\t\t\t\t\t\t\t<div class=\"elementor-element elementor-element-68a32e7 ml-auto ms-auto elementor-widget__width-auto elementor-widget elementor-widget-cthbutton\" data-id=\"68a32e7\" data-element_type=\"widget\" data-widget_type=\"cthbutton.default\">\n\t\t\t\t<div class=\"elementor-widget-container\">\n\t\t\t \n            <a href=\"https:\/\/jesconsultingab.se\/en\/contact\/\"  class=\"tbtn tbtn color-dark normal-btn normal normalw-btn icon-left btn-no-text-no\"><span>Contact Us<\/span><\/a>\n        \t\t<\/div>\n\t\t\t\t<\/div>\n\t\t\t\t\t<\/div>\n\t\t<\/div>\n\t\t\t\t\t\t\t<\/div>\n\t\t<\/section>\n\t\t\t\t<section class=\"elementor-section elementor-top-section elementor-element elementor-element-62e8838 sec-padding elementor-hidden-desktop elementor-hidden-tablet elementor-hidden-mobile elementor-section-boxed elementor-section-height-default elementor-section-height-default\" data-id=\"62e8838\" data-element_type=\"section\" id=\"team-sec\">\n\t\t\t\t\t\t<div class=\"elementor-container elementor-column-gap-default\">\n\t\t\t\t\t<div class=\"elementor-column elementor-col-100 elementor-top-column elementor-element elementor-element-ed96de7\" data-id=\"ed96de7\" data-element_type=\"column\">\n\t\t\t<div class=\"elementor-widget-wrap elementor-element-populated\">\n\t\t\t\t\t\t\t\t<div class=\"elementor-element elementor-element-35ead37 mb-5 elementor-widget elementor-widget-section_title\" data-id=\"35ead37\" data-element_type=\"widget\" data-widget_type=\"section_title.default\">\n\t\t\t\t<div class=\"elementor-widget-container\">\n\t\t\t        <div class=\"section-title st-left st-st1\">\n        <h4 class=\"sec-subtitle\"><span>Kollegorna<\/span><\/h4>            <h2 class=\"sec-title\"><span>V\u00e5rt h\u00e4rliga team<\/span><\/h2>                    <\/div>\n        \t\t<\/div>\n\t\t\t\t<\/div>\n\t\t\t\t<div class=\"elementor-element elementor-element-a891926 elementor-widget elementor-widget-members\" data-id=\"a891926\" data-element_type=\"widget\" data-widget_type=\"members.default\">\n\t\t\t\t<div class=\"elementor-widget-container\">\n\t\t\t        <div class=\"team-slider-wrap position-relative\">\n        <div class=\"ts_btn_wrap\">\n            <div class=\"ts_btn ts-cont-prev\"><i class=\"fas fa-caret-left\"><\/i><\/div>\n            <div class=\"ts_btn ts-cont-next\"><i class=\"fas fa-caret-right\"><\/i><\/div>\n        <\/div>\n        <div class=\"team-slider fl-wrap\">\n            <div class=\"swiper-container\">\n                <div class=\"swiper-wrapper\">\n                                                        <!-- team-item -->\n                    <div class=\"swiper-slide\">\n                        <div class=\"team-item fl-wrap\">\n                                                        <div class=\"team-content\">\n                                    <h4 class=\"mem-title\"><a href=\"https:\/\/jesconsultingab.se\/en\/member\/adam-tomson\/\" rel=\"bookmark\">Adam Tomson<\/a><\/h4><h5>Main Engineer<\/h5>                                    <p>Lorem ipsum dolor sit amet, consectetur adipiscing elit, sed do eiusmod tempor incididunt ut labore et dolore magna aliqua.  <\/p>\n                                    <span class=\"tc_number\">01.<\/span>\n\n                            <\/div>\n                            <div class=\"team-footer d-flex align-items-center justify-content-between\">\n                                <a href=\"https:\/\/jesconsultingab.se\/en\/member\/adam-tomson\/\" class=\"tf-btn\">View Details <i class=\"fas fa-caret-right\"><\/i><\/a>\n                                                                <ul class=\"team-social list-unstyled mb-0 ms-auto ml-auto\">\n                                    <li><a href=\"https:\/\/facebook.com\/\" target=\"_blank\"><i class=\"fab fa-facebook\"><\/i><\/a><\/li><li><a href=\"https:\/\/twitter.com\/\" target=\"_blank\"><i class=\"fab fa-twitter\"><\/i><\/a><\/li><li><a href=\"https:\/\/www.instagram.com\/\" target=\"_blank\"><i class=\"fab fa-instagram\"><\/i><\/a><\/li><li><a href=\"https:\/\/vk.com\/\" target=\"_blank\"><i class=\"fab fa-vk\"><\/i><\/a><\/li>                                <\/ul>\n                                 \n                                \n                            <\/div>\n                        <\/div>\n                    <\/div>\n                    <!-- team-item end -->\n\n                                        <!-- team-item -->\n                    <div class=\"swiper-slide\">\n                        <div class=\"team-item fl-wrap\">\n                                                        <div class=\"team-content\">\n                                    <h4 class=\"mem-title\"><a href=\"https:\/\/jesconsultingab.se\/en\/member\/alisa-gray\/\" rel=\"bookmark\">Alisa Gray<\/a><\/h4><h5>Administrator<\/h5>                                    <p>Lorem ipsum dolor sit amet, consectetur adipiscing elit, sed do eiusmod tempor incididunt ut labore et dolore magna aliqua.  <\/p>\n                                    <span class=\"tc_number\">02.<\/span>\n\n                            <\/div>\n                            <div class=\"team-footer d-flex align-items-center justify-content-between\">\n                                <a href=\"https:\/\/jesconsultingab.se\/en\/member\/alisa-gray\/\" class=\"tf-btn\">View Details <i class=\"fas fa-caret-right\"><\/i><\/a>\n                                                                <ul class=\"team-social list-unstyled mb-0 ms-auto ml-auto\">\n                                    <li><a href=\"https:\/\/facebook.com\/\" target=\"_blank\"><i class=\"fab fa-facebook\"><\/i><\/a><\/li><li><a href=\"https:\/\/twitter.com\/\" target=\"_blank\"><i class=\"fab fa-twitter\"><\/i><\/a><\/li><li><a href=\"https:\/\/www.instagram.com\/\" target=\"_blank\"><i class=\"fab fa-instagram\"><\/i><\/a><\/li><li><a href=\"https:\/\/vk.com\/\" target=\"_blank\"><i class=\"fab fa-vk\"><\/i><\/a><\/li>                                <\/ul>\n                                 \n                                \n                            <\/div>\n                        <\/div>\n                    <\/div>\n                    <!-- team-item end -->\n\n                                        <!-- team-item -->\n                    <div class=\"swiper-slide\">\n                        <div class=\"team-item fl-wrap\">\n                                                        <div class=\"team-content\">\n                                    <h4 class=\"mem-title\"><a href=\"https:\/\/jesconsultingab.se\/en\/member\/austin-evon\/\" rel=\"bookmark\">Austin Evon<\/a><\/h4><h5>Administrator<\/h5>                                    <p>Lorem ipsum dolor sit amet, consectetur adipiscing elit, sed do eiusmod tempor incididunt ut labore et dolore magna aliqua.  <\/p>\n                                    <span class=\"tc_number\">03.<\/span>\n\n                            <\/div>\n                            <div class=\"team-footer d-flex align-items-center justify-content-between\">\n                                <a href=\"https:\/\/jesconsultingab.se\/en\/member\/austin-evon\/\" class=\"tf-btn\">View Details <i class=\"fas fa-caret-right\"><\/i><\/a>\n                                                                <ul class=\"team-social list-unstyled mb-0 ms-auto ml-auto\">\n                                    <li><a href=\"https:\/\/facebook.com\/\" target=\"_blank\"><i class=\"fab fa-facebook\"><\/i><\/a><\/li><li><a href=\"https:\/\/twitter.com\/\" target=\"_blank\"><i class=\"fab fa-twitter\"><\/i><\/a><\/li><li><a href=\"https:\/\/www.instagram.com\/\" target=\"_blank\"><i class=\"fab fa-instagram\"><\/i><\/a><\/li><li><a href=\"https:\/\/vk.com\/\" target=\"_blank\"><i class=\"fab fa-vk\"><\/i><\/a><\/li>                                <\/ul>\n                                 \n                                \n                            <\/div>\n                        <\/div>\n                    <\/div>\n                    <!-- team-item end -->\n\n                                     \n                <\/div>\n            <\/div>\n        <\/div>\n        \n\n        <\/div>\n                                \t\t<\/div>\n\t\t\t\t<\/div>\n\t\t\t\t\t<\/div>\n\t\t<\/div>\n\t\t\t\t\t\t\t<\/div>\n\t\t<\/section>\n\t\t\t\t<section class=\"elementor-section elementor-top-section elementor-element elementor-element-43e2675b paralax-section elementor-hidden-desktop elementor-hidden-tablet elementor-hidden-mobile elementor-section-boxed elementor-section-height-default elementor-section-height-default\" data-id=\"43e2675b\" data-element_type=\"section\" data-settings=\"{&quot;background_background&quot;:&quot;classic&quot;}\">\n\t\t\t\t\t\t\t<div class=\"elementor-background-overlay\"><\/div>\n\t\t\t\t\t\t\t<div class=\"elementor-container elementor-column-gap-default\">\n\t\t\t\t\t<div class=\"elementor-column elementor-col-25 elementor-top-column elementor-element elementor-element-1f48c3d4\" data-id=\"1f48c3d4\" data-element_type=\"column\">\n\t\t\t<div class=\"elementor-widget-wrap elementor-element-populated\">\n\t\t\t\t\t\t\t\t<div class=\"elementor-element elementor-element-33a4dbe7 elementor-widget elementor-widget-counter\" data-id=\"33a4dbe7\" data-element_type=\"widget\" data-widget_type=\"counter.default\">\n\t\t\t\t<div class=\"elementor-widget-container\">\n\t\t\t<style>\/*! elementor - v3.10.1 - 17-01-2023 *\/\n.elementor-counter .elementor-counter-number-wrapper{display:flex;font-size:69px;font-weight:600;line-height:1}.elementor-counter .elementor-counter-number-prefix,.elementor-counter .elementor-counter-number-suffix{flex-grow:1;white-space:pre-wrap}.elementor-counter .elementor-counter-number-prefix{text-align:right}.elementor-counter .elementor-counter-number-suffix{text-align:left}.elementor-counter .elementor-counter-title{text-align:center;font-size:19px;font-weight:400;line-height:2.5}<\/style>        <div class=\"main-facts single-facts_2 hide-decor-no\">\n            <div class=\"inline-facts-wrap\">\n                <div class=\"inline-facts\">\n                                        <div class=\"milestone-counter\">\n                        <div class=\"stats animaper\">\n                            <div class=\"num\" data-content=\"0\" data-num=\"578\">578<\/div>\n                        <\/div>\n                    <\/div>\n                    <h6>Olika branscher<\/h6>                <\/div>\n            <\/div>\n        <\/div>\n        \t\t<\/div>\n\t\t\t\t<\/div>\n\t\t\t\t\t<\/div>\n\t\t<\/div>\n\t\t\t\t<div class=\"elementor-column elementor-col-25 elementor-top-column elementor-element elementor-element-6309c9d5\" data-id=\"6309c9d5\" data-element_type=\"column\">\n\t\t\t<div class=\"elementor-widget-wrap elementor-element-populated\">\n\t\t\t\t\t\t\t\t<div class=\"elementor-element elementor-element-5166efe9 elementor-widget elementor-widget-counter\" data-id=\"5166efe9\" data-element_type=\"widget\" data-widget_type=\"counter.default\">\n\t\t\t\t<div class=\"elementor-widget-container\">\n\t\t\t        <div class=\"main-facts single-facts_2 hide-decor-no\">\n            <div class=\"inline-facts-wrap\">\n                <div class=\"inline-facts\">\n                                        <div class=\"milestone-counter\">\n                        <div class=\"stats animaper\">\n                            <div class=\"num\" data-content=\"0\" data-num=\"12168\">12168<\/div>\n                        <\/div>\n                    <\/div>\n                    <h6>Glada kunder varje \u00e5r<\/h6>                <\/div>\n            <\/div>\n        <\/div>\n        \t\t<\/div>\n\t\t\t\t<\/div>\n\t\t\t\t\t<\/div>\n\t\t<\/div>\n\t\t\t\t<div class=\"elementor-column elementor-col-25 elementor-top-column elementor-element elementor-element-4d468f55\" data-id=\"4d468f55\" data-element_type=\"column\">\n\t\t\t<div class=\"elementor-widget-wrap elementor-element-populated\">\n\t\t\t\t\t\t\t\t<div class=\"elementor-element elementor-element-4879c6db elementor-widget elementor-widget-counter\" data-id=\"4879c6db\" data-element_type=\"widget\" data-widget_type=\"counter.default\">\n\t\t\t\t<div class=\"elementor-widget-container\">\n\t\t\t        <div class=\"main-facts single-facts_2 hide-decor-no\">\n            <div class=\"inline-facts-wrap\">\n                <div class=\"inline-facts\">\n                                        <div class=\"milestone-counter\">\n                        <div class=\"stats animaper\">\n                            <div class=\"num\" data-content=\"0\" data-num=\"2172\">2172<\/div>\n                        <\/div>\n                    <\/div>\n                    <h6>utm\u00e4rkelser<\/h6>                <\/div>\n            <\/div>\n        <\/div>\n        \t\t<\/div>\n\t\t\t\t<\/div>\n\t\t\t\t\t<\/div>\n\t\t<\/div>\n\t\t\t\t<div class=\"elementor-column elementor-col-25 elementor-top-column elementor-element elementor-element-5aa002c9\" data-id=\"5aa002c9\" data-element_type=\"column\">\n\t\t\t<div class=\"elementor-widget-wrap elementor-element-populated\">\n\t\t\t\t\t\t\t\t<div class=\"elementor-element elementor-element-53f291e8 elementor-widget elementor-widget-counter\" data-id=\"53f291e8\" data-element_type=\"widget\" data-widget_type=\"counter.default\">\n\t\t\t\t<div class=\"elementor-widget-container\">\n\t\t\t        <div class=\"main-facts single-facts_2 hide-decor-yes\">\n            <div class=\"inline-facts-wrap\">\n                <div class=\"inline-facts\">\n                                        <div class=\"milestone-counter\">\n                        <div class=\"stats animaper\">\n                            <div class=\"num\" data-content=\"0\" data-num=\"732\">732<\/div>\n                        <\/div>\n                    <\/div>\n                    <h6>nya uppdrag varje vecka<\/h6>                <\/div>\n            <\/div>\n        <\/div>\n        \t\t<\/div>\n\t\t\t\t<\/div>\n\t\t\t\t\t<\/div>\n\t\t<\/div>\n\t\t\t\t\t\t\t<\/div>\n\t\t<\/section>\n\t\t\t\t\t\t\t<\/div>","protected":false},"excerpt":{"rendered":"<p>01 Green Energy Lorem ipsum dolor sit amet, consectetur adipiscing elit. Read more 02 New Technology Lorem ipsum dolor sit amet, consectetur adipiscing elit. Read more 03 High Grade Tools Lorem ipsum dolor sit amet, consectetur adipiscing elit. Read more V\u00e5r historia Vilka vi \u00e4r Vi \u00e4r ett f\u00f6retag som utf\u00f6r konsulttj\u00e4nster inom maskintillverkningsindustrin. V\u00e5r erfarenhet g\u00f6r att vi kan hj\u00e4lpa dig med m\u00e5nga olika aspekter inom branschen. Allt fr\u00e5n projektledning till konstruktion och produktion. Bolaget bedriver \u00e4ven rekrytering och uthyrning av personal och tillhandah\u00e5ller konsulter inom industriteknik. V\u00e5rt m\u00e5l \u00e4r att vara en stark kugge i konstruktionsprocessen! &#8221;JES Consulting vill vara den som f\u00f6rverkligar dina id\u00e9er&#8221; Dzenan Atic VD JES CONSULTING Beh\u00f6ver du en professionel samarbetspartner f\u00f6r att f\u00f6rverkliga ditt n\u00e4sta dr\u00f6mprojekt? Kontakta Oss Kollegorna V\u00e5rt h\u00e4rliga team DETAILS Adam Tomson Main Engineer Lorem ipsum dolor sit amet, consectetur adipiscing elit, sed do eiusmod tempor incididunt ut labore et [&hellip;]<\/p>","protected":false},"author":2,"featured_media":0,"parent":0,"menu_order":0,"comment_status":"closed","ping_status":"closed","template":"elementor_header_footer","meta":{"om_disable_all_campaigns":false,"_monsterinsights_skip_tracking":false,"_monsterinsights_sitenote_active":false,"_monsterinsights_sitenote_note":"","_monsterinsights_sitenote_category":0},"aioseo_notices":[],"_links":{"self":[{"href":"https:\/\/jesconsultingab.se\/en\/wp-json\/wp\/v2\/pages\/8461"}],"collection":[{"href":"https:\/\/jesconsultingab.se\/en\/wp-json\/wp\/v2\/pages"}],"about":[{"href":"https:\/\/jesconsultingab.se\/en\/wp-json\/wp\/v2\/types\/page"}],"author":[{"embeddable":true,"href":"https:\/\/jesconsultingab.se\/en\/wp-json\/wp\/v2\/users\/2"}],"replies":[{"embeddable":true,"href":"https:\/\/jesconsultingab.se\/en\/wp-json\/wp\/v2\/comments?post=8461"}],"version-history":[{"count":33,"href":"https:\/\/jesconsultingab.se\/en\/wp-json\/wp\/v2\/pages\/8461\/revisions"}],"predecessor-version":[{"id":10262,"href":"https:\/\/jesconsultingab.se\/en\/wp-json\/wp\/v2\/pages\/8461\/revisions\/10262"}],"wp:attachment":[{"href":"https:\/\/jesconsultingab.se\/en\/wp-json\/wp\/v2\/media?parent=8461"}],"curies":[{"name":"wp","href":"https:\/\/api.w.org\/{rel}","templated":true}]}}